{"id":63,"date":"2025-06-03T10:45:09","date_gmt":"2025-06-03T10:45:09","guid":{"rendered":"https:\/\/fabrimetal.co.ao\/?page_id=63"},"modified":"2025-09-01T15:54:51","modified_gmt":"2025-09-01T15:54:51","slug":"news","status":"publish","type":"page","link":"https:\/\/fabrimetal.co.ao\/en\/news\/","title":{"rendered":"News"},"content":{"rendered":"<div data-elementor-type=\"wp-page\" data-elementor-id=\"63\" class=\"elementor elementor-63\" data-elementor-post-type=\"page\">\n\t\t\t\t<div class=\"elementor-element elementor-element-3fd0352 e-flex e-con-boxed wpr-particle-no wpr-jarallax-no wpr-parallax-no wpr-sticky-section-no e-con e-parent\" data-id=\"3fd0352\" data-element_type=\"container\" data-settings=\"{&quot;background_background&quot;:&quot;classic&quot;}\">\n\t\t\t\t\t<div class=\"e-con-inner\">\n\t\t<div class=\"elementor-element elementor-element-a42d2d2 e-con-full e-flex wpr-particle-no wpr-jarallax-no wpr-parallax-no wpr-sticky-section-no e-con e-child\" data-id=\"a42d2d2\" data-element_type=\"container\">\n\t\t\t\t<div class=\"elementor-element elementor-element-5502c14 elementor-widget elementor-widget-heading\" data-id=\"5502c14\" data-element_type=\"widget\" data-widget_type=\"heading.default\">\n\t\t\t\t<div class=\"elementor-widget-container\">\n\t\t\t\t\t<h2 class=\"elementor-heading-title elementor-size-default\">NEWS<\/h2>\t\t\t\t<\/div>\n\t\t\t\t<\/div>\n\t\t\t\t<\/div>\n\t\t\t\t\t<\/div>\n\t\t\t\t<\/div>\n\t\t<div class=\"elementor-element elementor-element-9635712 e-flex e-con-boxed wpr-particle-no wpr-jarallax-no wpr-parallax-no wpr-sticky-section-no e-con e-parent\" data-id=\"9635712\" data-element_type=\"container\">\n\t\t\t\t\t<div class=\"e-con-inner\">\n\t\t\t\t<div class=\"elementor-element elementor-element-5115ef4 elementor-widget elementor-widget-heading\" data-id=\"5115ef4\" data-element_type=\"widget\" data-widget_type=\"heading.default\">\n\t\t\t\t<div class=\"elementor-widget-container\">\n\t\t\t\t\t<h2 class=\"elementor-heading-title elementor-size-default\"> NEWS PORTAL<\/h2>\t\t\t\t<\/div>\n\t\t\t\t<\/div>\n\t\t\t\t<div class=\"elementor-element elementor-element-4d71e90 elementor-widget-divider--separator-type-pattern elementor-widget-divider--no-spacing elementor-widget-divider--view-line elementor-widget elementor-widget-divider\" data-id=\"4d71e90\" data-element_type=\"widget\" data-widget_type=\"divider.default\">\n\t\t\t\t<div class=\"elementor-widget-container\">\n\t\t\t\t\t\t\t<div class=\"elementor-divider\" style=\"--divider-pattern-url: url(&quot;data:image\/svg+xml,%3Csvg xmlns=&#039;http:\/\/www.w3.org\/2000\/svg&#039; preserveAspectRatio=&#039;none&#039; overflow=&#039;visible&#039; height=&#039;100%&#039; viewBox=&#039;0 0 24 24&#039; fill=&#039;black&#039; stroke=&#039;none&#039;%3E%3Cpath d=&#039;M24,8v12H0V8H24z M24,4v1H0V4H24z&#039;\/%3E%3C\/svg%3E&quot;);\">\n\t\t\t<span class=\"elementor-divider-separator\">\n\t\t\t\t\t\t<\/span>\n\t\t<\/div>\n\t\t\t\t\t\t<\/div>\n\t\t\t\t<\/div>\n\t\t\t\t<div class=\"elementor-element elementor-element-62f1a9a elementor-grid-3 elementor-grid-tablet-2 elementor-grid-mobile-1 elementor-posts--thumbnail-top elementor-card-shadow-yes elementor-posts__hover-gradient elementor-widget elementor-widget-posts\" data-id=\"62f1a9a\" data-element_type=\"widget\" data-settings=\"{&quot;pagination_type&quot;:&quot;numbers&quot;,&quot;cards_columns&quot;:&quot;3&quot;,&quot;cards_columns_tablet&quot;:&quot;2&quot;,&quot;cards_columns_mobile&quot;:&quot;1&quot;,&quot;cards_row_gap&quot;:{&quot;unit&quot;:&quot;px&quot;,&quot;size&quot;:35,&quot;sizes&quot;:[]},&quot;cards_row_gap_laptop&quot;:{&quot;unit&quot;:&quot;px&quot;,&quot;size&quot;:&quot;&quot;,&quot;sizes&quot;:[]},&quot;cards_row_gap_tablet&quot;:{&quot;unit&quot;:&quot;px&quot;,&quot;size&quot;:&quot;&quot;,&quot;sizes&quot;:[]},&quot;cards_row_gap_mobile&quot;:{&quot;unit&quot;:&quot;px&quot;,&quot;size&quot;:&quot;&quot;,&quot;sizes&quot;:[]}}\" data-widget_type=\"posts.cards\">\n\t\t\t\t<div class=\"elementor-widget-container\">\n\t\t\t\t\t\t\t<div class=\"elementor-posts-container elementor-posts elementor-posts--skin-cards elementor-grid\" role=\"list\">\n\t\t\t\t<article class=\"elementor-post elementor-grid-item post-4928 post type-post status-publish format-standard has-post-thumbnail hentry category-fabrimetal\" role=\"listitem\">\n\t\t\t<div class=\"elementor-post__card\">\n\t\t\t\t<a class=\"elementor-post__thumbnail__link\" href=\"https:\/\/fabrimetal.co.ao\/en\/nenhuma-organizacao-cresce-de-forma-sustentavel-isoladamente-cadeias-de-valor-integradas-parcerias-internacionais-e-colaboracao-institucional-sao-hoje-factores-criticos-de-escala-resiliencia-e-inov\/\" tabindex=\"-1\" ><div class=\"elementor-post__thumbnail\"><img fetchpriority=\"high\" decoding=\"async\" width=\"300\" height=\"200\" src=\"https:\/\/fabrimetal.co.ao\/wp-content\/uploads\/2026\/03\/Foto-15-300x200.jpg\" class=\"attachment-medium size-medium wp-image-4932\" alt=\"\" srcset=\"https:\/\/fabrimetal.co.ao\/wp-content\/uploads\/2026\/03\/Foto-15-300x200.jpg 300w, https:\/\/fabrimetal.co.ao\/wp-content\/uploads\/2026\/03\/Foto-15-1024x683.jpg 1024w, https:\/\/fabrimetal.co.ao\/wp-content\/uploads\/2026\/03\/Foto-15-768x512.jpg 768w, https:\/\/fabrimetal.co.ao\/wp-content\/uploads\/2026\/03\/Foto-15-1536x1024.jpg 1536w, https:\/\/fabrimetal.co.ao\/wp-content\/uploads\/2026\/03\/Foto-15-2048x1365.jpg 2048w, https:\/\/fabrimetal.co.ao\/wp-content\/uploads\/2026\/03\/Foto-15-18x12.jpg 18w\" sizes=\"(max-width: 300px) 100vw, 300px\" \/><\/div><\/a>\n\t\t\t\t<div class=\"elementor-post__badge\">Fabrimetal<\/div>\n\t\t\t\t<div class=\"elementor-post__text\">\n\t\t\t\t<h3 class=\"elementor-post__title\">\n\t\t\t<a href=\"https:\/\/fabrimetal.co.ao\/en\/nenhuma-organizacao-cresce-de-forma-sustentavel-isoladamente-cadeias-de-valor-integradas-parcerias-internacionais-e-colaboracao-institucional-sao-hoje-factores-criticos-de-escala-resiliencia-e-inov\/\" >\n\t\t\t\tNenhuma organiza\u00e7\u00e3o cresce de forma sustent\u00e1vel isoladamente. Cadeias de valor integradas, parcerias internacionais e colabora\u00e7\u00e3o institucional s\u00e3o hoje factores cr\u00edticos de escala, resili\u00eancia e inova\u00e7\u00e3o. &#8211; Luis Diogo\t\t\t<\/a>\n\t\t<\/h3>\n\t\t\t\t<div class=\"elementor-post__excerpt\">\n\t\t\t<p>Lu\u00eds Diogo, Diretor-Geral da Fabrimetal, concedeu uma entrevista \u00e0 Revista Pontos de Vista, onde abordou diversos temas ligados ao setor industrial e \u00e0 evolu\u00e7\u00e3o do mercado do a\u00e7o em Angola. Durante a conversa, destacou os desafios que a ind\u00fastria enfrenta atualmente, bem como a import\u00e2ncia do investimento, da inova\u00e7\u00e3o e<\/p>\n\t\t<\/div>\n\t\t\t\t\t<div class=\"elementor-post__read-more-wrapper\">\n\t\t\n\t\t<a class=\"elementor-post__read-more\" href=\"https:\/\/fabrimetal.co.ao\/en\/nenhuma-organizacao-cresce-de-forma-sustentavel-isoladamente-cadeias-de-valor-integradas-parcerias-internacionais-e-colaboracao-institucional-sao-hoje-factores-criticos-de-escala-resiliencia-e-inov\/\" aria-label=\"Read more about Nenhuma organiza\u00e7\u00e3o cresce de forma sustent\u00e1vel isoladamente. Cadeias de valor integradas, parcerias internacionais e colabora\u00e7\u00e3o institucional s\u00e3o hoje factores cr\u00edticos de escala, resili\u00eancia e inova\u00e7\u00e3o. &#8211; Luis Diogo\" tabindex=\"-1\" >\n\t\t\tREAD MORE\t\t<\/a>\n\n\t\t\t\t\t<\/div>\n\t\t\t\t<\/div>\n\t\t\t\t<div class=\"elementor-post__meta-data\">\n\t\t\t\t\t<span class=\"elementor-post-date\">\n\t\t\tMarch 9, 2026\t\t<\/span>\n\t\t\t\t<\/div>\n\t\t\t\t\t<\/div>\n\t\t<\/article>\n\t\t\t\t<article class=\"elementor-post elementor-grid-item post-334 post type-post status-publish format-standard has-post-thumbnail hentry category-fabrimetal\" role=\"listitem\">\n\t\t\t<div class=\"elementor-post__card\">\n\t\t\t\t<a class=\"elementor-post__thumbnail__link\" href=\"https:\/\/fabrimetal.co.ao\/en\/conversas-em-25-anos\/\" tabindex=\"-1\" ><div class=\"elementor-post__thumbnail\"><img decoding=\"async\" width=\"300\" height=\"200\" src=\"https:\/\/fabrimetal.co.ao\/wp-content\/uploads\/2025\/06\/IMG_8767_by_Walter_Fernandes-1-300x200.jpg\" class=\"attachment-medium size-medium wp-image-338\" alt=\"\" srcset=\"https:\/\/fabrimetal.co.ao\/wp-content\/uploads\/2025\/06\/IMG_8767_by_Walter_Fernandes-1-300x200.jpg 300w, https:\/\/fabrimetal.co.ao\/wp-content\/uploads\/2025\/06\/IMG_8767_by_Walter_Fernandes-1-1024x682.jpg 1024w, https:\/\/fabrimetal.co.ao\/wp-content\/uploads\/2025\/06\/IMG_8767_by_Walter_Fernandes-1-768x512.jpg 768w, https:\/\/fabrimetal.co.ao\/wp-content\/uploads\/2025\/06\/IMG_8767_by_Walter_Fernandes-1.jpg 1525w\" sizes=\"(max-width: 300px) 100vw, 300px\" \/><\/div><\/a>\n\t\t\t\t<div class=\"elementor-post__badge\">Fabrimetal<\/div>\n\t\t\t\t<div class=\"elementor-post__text\">\n\t\t\t\t<h3 class=\"elementor-post__title\">\n\t\t\t<a href=\"https:\/\/fabrimetal.co.ao\/en\/conversas-em-25-anos\/\" >\n\t\t\t\tE&amp;M CONVERSATIONS 25 YEARS\t\t\t<\/a>\n\t\t<\/h3>\n\t\t\t\t<div class=\"elementor-post__excerpt\">\n\t\t\t<p>Would you like to hear an interesting retrospective discussion about the history of FABRIMETAL? \ud83e\udd14 At the invitation of our partner magazine E&amp;M, which is celebrating its 25th anniversary this year, Lu\u00eds Diogo, CEO of Fabrimetal, is participating in a conversation about \u201cHow the country is evolving in the industrial sector and beyond.\u201d [Comment 1] \"On the way<\/p>\n\t\t<\/div>\n\t\t\t\t\t<div class=\"elementor-post__read-more-wrapper\">\n\t\t\n\t\t<a class=\"elementor-post__read-more\" href=\"https:\/\/fabrimetal.co.ao\/en\/conversas-em-25-anos\/\" aria-label=\"Read more about CONVERSAS E&amp;M 25 ANOS\" tabindex=\"-1\" >\n\t\t\tREAD MORE\t\t<\/a>\n\n\t\t\t\t\t<\/div>\n\t\t\t\t<\/div>\n\t\t\t\t<div class=\"elementor-post__meta-data\">\n\t\t\t\t\t<span class=\"elementor-post-date\">\n\t\t\tJune 6, 2025\t\t<\/span>\n\t\t\t\t<\/div>\n\t\t\t\t\t<\/div>\n\t\t<\/article>\n\t\t\t\t<article class=\"elementor-post elementor-grid-item post-312 post type-post status-publish format-standard has-post-thumbnail hentry category-eventos\" role=\"listitem\">\n\t\t\t<div class=\"elementor-post__card\">\n\t\t\t\t<a class=\"elementor-post__thumbnail__link\" href=\"https:\/\/fabrimetal.co.ao\/en\/iv-conference-on-taxation-discusses-tax-reform-for-2025-and-its-impact-on-businesses\/\" tabindex=\"-1\" ><div class=\"elementor-post__thumbnail\"><img decoding=\"async\" width=\"300\" height=\"200\" src=\"https:\/\/fabrimetal.co.ao\/wp-content\/uploads\/2025\/06\/IMG_8794_by_Walter_Fernandes-1-300x200.jpg\" class=\"attachment-medium size-medium wp-image-317\" alt=\"\" srcset=\"https:\/\/fabrimetal.co.ao\/wp-content\/uploads\/2025\/06\/IMG_8794_by_Walter_Fernandes-1-300x200.jpg 300w, https:\/\/fabrimetal.co.ao\/wp-content\/uploads\/2025\/06\/IMG_8794_by_Walter_Fernandes-1-1024x682.jpg 1024w, https:\/\/fabrimetal.co.ao\/wp-content\/uploads\/2025\/06\/IMG_8794_by_Walter_Fernandes-1-768x512.jpg 768w, https:\/\/fabrimetal.co.ao\/wp-content\/uploads\/2025\/06\/IMG_8794_by_Walter_Fernandes-1.jpg 1525w\" sizes=\"(max-width: 300px) 100vw, 300px\" \/><\/div><\/a>\n\t\t\t\t<div class=\"elementor-post__badge\">Events<\/div>\n\t\t\t\t<div class=\"elementor-post__text\">\n\t\t\t\t<h3 class=\"elementor-post__title\">\n\t\t\t<a href=\"https:\/\/fabrimetal.co.ao\/en\/iv-conference-on-taxation-discusses-tax-reform-for-2025-and-its-impact-on-businesses\/\" >\n\t\t\t\tIV Tax Conference discusses tax reform for 2025 and its impact on businesses\t\t\t<\/a>\n\t\t<\/h3>\n\t\t\t\t<div class=\"elementor-post__excerpt\">\n\t\t\t<p>On September 24, the Epic Sana Hotel hosted the IV Economy &amp; Market Conference, which focused on the tax reform planned for 2025 and its implications for the business sector. The event brought together industry leaders to discuss the future of taxation, promoting an environment conducive to<\/p>\n\t\t<\/div>\n\t\t\t\t\t<div class=\"elementor-post__read-more-wrapper\">\n\t\t\n\t\t<a class=\"elementor-post__read-more\" href=\"https:\/\/fabrimetal.co.ao\/en\/iv-conference-on-taxation-discusses-tax-reform-for-2025-and-its-impact-on-businesses\/\" aria-label=\"Read more about IV Confer\u00eancia sobre Tributa\u00e7\u00e3o discute reforma tribut\u00e1ria para 2025 e seu impacto nas empresas\" tabindex=\"-1\" >\n\t\t\tREAD MORE\t\t<\/a>\n\n\t\t\t\t\t<\/div>\n\t\t\t\t<\/div>\n\t\t\t\t<div class=\"elementor-post__meta-data\">\n\t\t\t\t\t<span class=\"elementor-post-date\">\n\t\t\tSeptember 25, 2024\t\t<\/span>\n\t\t\t\t<\/div>\n\t\t\t\t\t<\/div>\n\t\t<\/article>\n\t\t\t\t<article class=\"elementor-post elementor-grid-item post-325 post type-post status-publish format-standard has-post-thumbnail hentry category-fabrimetal\" role=\"listitem\">\n\t\t\t<div class=\"elementor-post__card\">\n\t\t\t\t<a class=\"elementor-post__thumbnail__link\" href=\"https:\/\/fabrimetal.co.ao\/en\/industrial-production-in-2023-a-year-of-challenges\/\" tabindex=\"-1\" ><div class=\"elementor-post__thumbnail\"><img loading=\"lazy\" decoding=\"async\" width=\"300\" height=\"200\" src=\"https:\/\/fabrimetal.co.ao\/wp-content\/uploads\/2025\/06\/IMG_8780_by_Walter_Fernandes-300x200.jpg\" class=\"attachment-medium size-medium wp-image-332\" alt=\"\" srcset=\"https:\/\/fabrimetal.co.ao\/wp-content\/uploads\/2025\/06\/IMG_8780_by_Walter_Fernandes-300x200.jpg 300w, https:\/\/fabrimetal.co.ao\/wp-content\/uploads\/2025\/06\/IMG_8780_by_Walter_Fernandes-1024x682.jpg 1024w, https:\/\/fabrimetal.co.ao\/wp-content\/uploads\/2025\/06\/IMG_8780_by_Walter_Fernandes-768x512.jpg 768w, https:\/\/fabrimetal.co.ao\/wp-content\/uploads\/2025\/06\/IMG_8780_by_Walter_Fernandes.jpg 1525w\" sizes=\"(max-width: 300px) 100vw, 300px\" \/><\/div><\/a>\n\t\t\t\t<div class=\"elementor-post__badge\">Fabrimetal<\/div>\n\t\t\t\t<div class=\"elementor-post__text\">\n\t\t\t\t<h3 class=\"elementor-post__title\">\n\t\t\t<a href=\"https:\/\/fabrimetal.co.ao\/en\/industrial-production-in-2023-a-year-of-challenges\/\" >\n\t\t\t\tIndustrial Production in 2023: A Year of Challenges\t\t\t<\/a>\n\t\t<\/h3>\n\t\t\t\t<div class=\"elementor-post__excerpt\">\n\t\t\t<p>Industrial production in the country fell into negative territory in 2023, interrupting the positive performance recorded between 2021 and 2022. One of the main factors for this decline was the drop in oil extraction, which had a significant impact on industrial production. In addition, there was a sharp decline in the production of goods.<\/p>\n\t\t<\/div>\n\t\t\t\t\t<div class=\"elementor-post__read-more-wrapper\">\n\t\t\n\t\t<a class=\"elementor-post__read-more\" href=\"https:\/\/fabrimetal.co.ao\/en\/industrial-production-in-2023-a-year-of-challenges\/\" aria-label=\"Read more about Produ\u00e7\u00e3o Industrial em 2023: Um Ano de Desafios\" tabindex=\"-1\" >\n\t\t\tREAD MORE\t\t<\/a>\n\n\t\t\t\t\t<\/div>\n\t\t\t\t<\/div>\n\t\t\t\t<div class=\"elementor-post__meta-data\">\n\t\t\t\t\t<span class=\"elementor-post-date\">\n\t\t\tJuly 20, 2024\t\t<\/span>\n\t\t\t\t<\/div>\n\t\t\t\t\t<\/div>\n\t\t<\/article>\n\t\t\t\t<article class=\"elementor-post elementor-grid-item post-319 post type-post status-publish format-standard has-post-thumbnail hentry category-eventos\" role=\"listitem\">\n\t\t\t<div class=\"elementor-post__card\">\n\t\t\t\t<a class=\"elementor-post__thumbnail__link\" href=\"https:\/\/fabrimetal.co.ao\/en\/io-forum-standardization-for-the-construction-sector-in-angola\/\" tabindex=\"-1\" ><div class=\"elementor-post__thumbnail\"><img loading=\"lazy\" decoding=\"async\" width=\"300\" height=\"200\" src=\"https:\/\/fabrimetal.co.ao\/wp-content\/uploads\/2025\/06\/IMG_8782_by_Walter_Fernandes-1-300x200.jpg\" class=\"attachment-medium size-medium wp-image-324\" alt=\"\" srcset=\"https:\/\/fabrimetal.co.ao\/wp-content\/uploads\/2025\/06\/IMG_8782_by_Walter_Fernandes-1-300x200.jpg 300w, https:\/\/fabrimetal.co.ao\/wp-content\/uploads\/2025\/06\/IMG_8782_by_Walter_Fernandes-1-1024x682.jpg 1024w, https:\/\/fabrimetal.co.ao\/wp-content\/uploads\/2025\/06\/IMG_8782_by_Walter_Fernandes-1-768x512.jpg 768w, https:\/\/fabrimetal.co.ao\/wp-content\/uploads\/2025\/06\/IMG_8782_by_Walter_Fernandes-1.jpg 1525w\" sizes=\"(max-width: 300px) 100vw, 300px\" \/><\/div><\/a>\n\t\t\t\t<div class=\"elementor-post__badge\">Events<\/div>\n\t\t\t\t<div class=\"elementor-post__text\">\n\t\t\t\t<h3 class=\"elementor-post__title\">\n\t\t\t<a href=\"https:\/\/fabrimetal.co.ao\/en\/io-forum-standardization-for-the-construction-sector-in-angola\/\" >\n\t\t\t\t1st Standardization Forum for the Construction Sector in Angola\t\t\t<\/a>\n\t\t<\/h3>\n\t\t\t\t<div class=\"elementor-post__excerpt\">\n\t\t\t<p>Last Thursday, July 11, the National Archives hosted the 1st Forum on Standardization in the Construction Sector in Angola. The event was organized by INIQ \u2013 National Institute for Quality Infrastructure, in collaboration with AIMCA \u2013 Association of Construction Materials Industries of Angola, and AAPC \u2013 Association<\/p>\n\t\t<\/div>\n\t\t\t\t\t<div class=\"elementor-post__read-more-wrapper\">\n\t\t\n\t\t<a class=\"elementor-post__read-more\" href=\"https:\/\/fabrimetal.co.ao\/en\/io-forum-standardization-for-the-construction-sector-in-angola\/\" aria-label=\"Read more about I\u00ba F\u00f3rum Normaliza\u00e7\u00e3o para o Sector da Constru\u00e7\u00e3o em Angola\" tabindex=\"-1\" >\n\t\t\tREAD MORE\t\t<\/a>\n\n\t\t\t\t\t<\/div>\n\t\t\t\t<\/div>\n\t\t\t\t<div class=\"elementor-post__meta-data\">\n\t\t\t\t\t<span class=\"elementor-post-date\">\n\t\t\tJuly 15, 2024\t\t<\/span>\n\t\t\t\t<\/div>\n\t\t\t\t\t<\/div>\n\t\t<\/article>\n\t\t\t\t<article class=\"elementor-post elementor-grid-item post-280 post type-post status-publish format-standard has-post-thumbnail hentry category-fabrimetal\" role=\"listitem\">\n\t\t\t<div class=\"elementor-post__card\">\n\t\t\t\t<a class=\"elementor-post__thumbnail__link\" href=\"https:\/\/fabrimetal.co.ao\/en\/fabrimetal-in-the-spotlight-at-the-business-of-the-year-2024\/\" tabindex=\"-1\" ><div class=\"elementor-post__thumbnail\"><img loading=\"lazy\" decoding=\"async\" width=\"300\" height=\"200\" src=\"https:\/\/fabrimetal.co.ao\/wp-content\/uploads\/2025\/06\/IMG_8764_by_Walter_Fernandes-2-300x200.jpg\" class=\"attachment-medium size-medium wp-image-286\" alt=\"\" srcset=\"https:\/\/fabrimetal.co.ao\/wp-content\/uploads\/2025\/06\/IMG_8764_by_Walter_Fernandes-2-300x200.jpg 300w, https:\/\/fabrimetal.co.ao\/wp-content\/uploads\/2025\/06\/IMG_8764_by_Walter_Fernandes-2-1024x682.jpg 1024w, https:\/\/fabrimetal.co.ao\/wp-content\/uploads\/2025\/06\/IMG_8764_by_Walter_Fernandes-2-768x512.jpg 768w, https:\/\/fabrimetal.co.ao\/wp-content\/uploads\/2025\/06\/IMG_8764_by_Walter_Fernandes-2.jpg 1525w\" sizes=\"(max-width: 300px) 100vw, 300px\" \/><\/div><\/a>\n\t\t\t\t<div class=\"elementor-post__badge\">Fabrimetal<\/div>\n\t\t\t\t<div class=\"elementor-post__text\">\n\t\t\t\t<h3 class=\"elementor-post__title\">\n\t\t\t<a href=\"https:\/\/fabrimetal.co.ao\/en\/fabrimetal-in-the-spotlight-at-the-business-of-the-year-2024\/\" >\n\t\t\t\tFABRIMETAL featured in \"The Business of the Year 2024\"\t\t\t<\/a>\n\t\t<\/h3>\n\t\t\t\t<div class=\"elementor-post__excerpt\">\n\t\t\t<p>In a recent article in The Business Year 2024 magazine, FABRIMETAL, Angola's leading steel manufacturer, was highlighted for its remarkable contributions to the industrial landscape. The magazine delves into FABRIMETAL's innovative initiatives, highlighting the company's commitment to environmental conservation, operational excellence, and sustainable growth.<\/p>\n\t\t<\/div>\n\t\t\t\t\t<div class=\"elementor-post__read-more-wrapper\">\n\t\t\n\t\t<a class=\"elementor-post__read-more\" href=\"https:\/\/fabrimetal.co.ao\/en\/fabrimetal-in-the-spotlight-at-the-business-of-the-year-2024\/\" aria-label=\"Read more about FABRIMETAL em destaque na \u201cthe business of the year 2024\u201d\" tabindex=\"-1\" >\n\t\t\tREAD MORE\t\t<\/a>\n\n\t\t\t\t\t<\/div>\n\t\t\t\t<\/div>\n\t\t\t\t<div class=\"elementor-post__meta-data\">\n\t\t\t\t\t<span class=\"elementor-post-date\">\n\t\t\tMay 16, 2024\t\t<\/span>\n\t\t\t\t<\/div>\n\t\t\t\t\t<\/div>\n\t\t<\/article>\n\t\t\t\t<\/div>\n\t\t\n\t\t\t\t<div class=\"e-load-more-anchor\" data-page=\"1\" data-max-page=\"4\" data-next-page=\"https:\/\/fabrimetal.co.ao\/wp-json\/wp\/v2\/pages\/63\/page\/2\/\"><\/div>\n\t\t\t\t<nav class=\"elementor-pagination\" aria-label=\"Pagination\">\n\t\t\t<span aria-current=\"page\" class=\"page-numbers current\"><span class=\"elementor-screen-only\">Page<\/span>1<\/span>\n<a class=\"page-numbers\" href=\"https:\/\/fabrimetal.co.ao\/wp-json\/wp\/v2\/pages\/63\/page\/2\/\"><span class=\"elementor-screen-only\">Page<\/span>2<\/a>\n<a class=\"page-numbers\" href=\"https:\/\/fabrimetal.co.ao\/wp-json\/wp\/v2\/pages\/63\/page\/3\/\"><span class=\"elementor-screen-only\">Page<\/span>3<\/a>\n<a class=\"page-numbers\" href=\"https:\/\/fabrimetal.co.ao\/wp-json\/wp\/v2\/pages\/63\/page\/4\/\"><span class=\"elementor-screen-only\">Page<\/span>4<\/a>\t\t<\/nav>\n\t\t\t\t\t\t<\/div>\n\t\t\t\t<\/div>\n\t\t\t\t\t<\/div>\n\t\t\t\t<\/div>\n\t\t\t\t<\/div>","protected":false},"excerpt":{"rendered":"<p>NEWS PORTAL<\/p>","protected":false},"author":3,"featured_media":0,"parent":0,"menu_order":0,"comment_status":"closed","ping_status":"closed","template":"elementor_canvas","meta":{"footnotes":""},"class_list":["post-63","page","type-page","status-publish","hentry"],"_links":{"self":[{"href":"https:\/\/fabrimetal.co.ao\/en\/wp-json\/wp\/v2\/pages\/63","targetHints":{"allow":["GET"]}}],"collection":[{"href":"https:\/\/fabrimetal.co.ao\/en\/wp-json\/wp\/v2\/pages"}],"about":[{"href":"https:\/\/fabrimetal.co.ao\/en\/wp-json\/wp\/v2\/types\/page"}],"author":[{"embeddable":true,"href":"https:\/\/fabrimetal.co.ao\/en\/wp-json\/wp\/v2\/users\/3"}],"replies":[{"embeddable":true,"href":"https:\/\/fabrimetal.co.ao\/en\/wp-json\/wp\/v2\/comments?post=63"}],"version-history":[{"count":49,"href":"https:\/\/fabrimetal.co.ao\/en\/wp-json\/wp\/v2\/pages\/63\/revisions"}],"predecessor-version":[{"id":4290,"href":"https:\/\/fabrimetal.co.ao\/en\/wp-json\/wp\/v2\/pages\/63\/revisions\/4290"}],"wp:attachment":[{"href":"https:\/\/fabrimetal.co.ao\/en\/wp-json\/wp\/v2\/media?parent=63"}],"curies":[{"name":"wp","href":"https:\/\/api.w.org\/{rel}","templated":true}]}}